{"id":285,"date":"2018-02-09T10:40:06","date_gmt":"2018-02-09T10:40:06","guid":{"rendered":"https:\/\/demo.themegrill.com\/colormag\/?page_id=285"},"modified":"2023-03-30T08:37:09","modified_gmt":"2023-03-30T11:37:09","slug":"contact-us","status":"publish","type":"page","link":"https:\/\/trilhasdavida.com.br\/?page_id=285","title":{"rendered":"Contato"},"content":{"rendered":"<p>This contact form is created using <a href=\"https:\/\/wordpress.org\/plugins\/everest-forms\/\" target=\"_blank\" rel=\"noopener nofollow noreferrer\">Everest Forms<\/a>.<\/p>\n<div class=\"everest-forms\"><div class=\"evf-container default\" id=\"evf-287\"><form id=\"evf-form-287\" class=\"everest-form\" data-formid=\"287\" data-ajax_submission=\"0\" data-keyboard_friendly_form=\"0\" method=\"post\" enctype=\"multipart\/form-data\" action=\"\/index.php?rest_route=%2Fwp%2Fv2%2Fpages%2F285\"><div class=\"evf-field-container\"><input type=\"hidden\" id=\"_wpnonce287\" name=\"_wpnonce287\" value=\"e899b0bbdd\" \/><input type=\"hidden\" name=\"_wp_http_referer\" value=\"\/index.php?rest_route=%2Fwp%2Fv2%2Fpages%2F285\" \/><div class=\"evf-frontend-row\" data-row=\"row_1\" conditional_rules=\"[]\"><div class=\"evf-frontend-grid evf-grid-1\" data-grid=\"grid_1\"><div id=\"evf-287-field_lVizlNhYus-1-container\" class=\"evf-field evf-field-text form-row validate-required\" data-required-field-message=\"This field is required.\" data-field-id=\"lVizlNhYus-1\"><label class=\"evf-field-label\" for=\"evf-287-field_lVizlNhYus-1\"><span class=\"evf-label\">Nome<\/span> <abbr class=\"required\" title=\"Required\">*<\/abbr><\/label><input type=\"text\" id=\"evf-287-field_lVizlNhYus-1\" class=\"input-text\" name=\"everest_forms[form_fields][lVizlNhYus-1]\" required><\/div><div id=\"evf-287-field_XYnMdkQDKM-3-container\" class=\"evf-field evf-field-email form-row validate-required validate-email\" data-required-field-message=\"Please enter a valid email address.\" data-field-id=\"XYnMdkQDKM-3\"><label class=\"evf-field-label\" for=\"evf-287-field_XYnMdkQDKM-3\"><span class=\"evf-label\">Email<\/span> <abbr class=\"required\" title=\"Required\">*<\/abbr><\/label><input type=\"email\" id=\"evf-287-field_XYnMdkQDKM-3\" class=\"input-text\" name=\"everest_forms[form_fields][XYnMdkQDKM-3]\" required ><\/div><div id=\"evf-287-field_xJivsqAS2c-2-container\" class=\"evf-field evf-field-text form-row validate-required\" data-required-field-message=\"This field is required.\" data-field-id=\"xJivsqAS2c-2\"><label class=\"evf-field-label\" for=\"evf-287-field_xJivsqAS2c-2\"><span class=\"evf-label\">Assunto<\/span> <abbr class=\"required\" title=\"Required\">*<\/abbr><\/label><input type=\"text\" id=\"evf-287-field_xJivsqAS2c-2\" class=\"input-text\" name=\"everest_forms[form_fields][xJivsqAS2c-2]\" required><\/div><div id=\"evf-287-field_YalaPcQ0DO-4-container\" class=\"evf-field evf-field-textarea form-row\" data-field-id=\"YalaPcQ0DO-4\"><label class=\"evf-field-label\" for=\"evf-287-field_YalaPcQ0DO-4\"><span class=\"evf-label\">Mensagem<\/span> <\/label><textarea id=\"evf-287-field_YalaPcQ0DO-4\" class=\"input-text\" name=\"everest_forms[form_fields][YalaPcQ0DO-4]\"  ><\/textarea><\/div><\/div><\/div><\/div><div class=\"evf-honeypot-container evf-field-hp\"><label for=\"evf-287-field-hp\" class=\"evf-field-label\">Website<\/label><input type=\"text\" name=\"everest_forms[hp]\" id=\"evf-287-field-hp\" class=\"input-text\"><\/div><div class=\"evf-submit-container \" ><input type=\"hidden\" name=\"everest_forms[id]\" value=\"287\"><input type=\"hidden\" name=\"everest_forms[author]\" value=\"1\"><button type='submit' name='everest_forms[submit]' class='everest-forms-submit-button button evf-submit ' id='evf-submit-287' value='evf-submit' data-process-text=\"Em processamento\u2026\" conditional_rules='&quot;&quot;' conditional_id='evf-submit-287'  id=\"evf-submit-287\" aria-live=\"assertive\">Enviar<\/button><\/div><\/form><\/div><!-- .evf-container --><\/div>\n","protected":false},"excerpt":{"rendered":"<p>This contact form is created using Everest Forms.<\/p>\n","protected":false},"author":1,"featured_media":0,"parent":0,"menu_order":0,"comment_status":"closed","ping_status":"closed","template":"page-templates\/contact.php","meta":{"colormag_page_container_layout":"default_layout","colormag_page_sidebar_layout":"default_layout"},"yoast_head":"<!-- This site is optimized with the Yoast SEO plugin v20.5 - https:\/\/yoast.com\/wordpress\/plugins\/seo\/ -->\n<title>Contato - Trilhas da Vida<\/title>\n<meta name=\"robots\" content=\"index, follow, max-snippet:-1, max-image-preview:large, max-video-preview:-1\" \/>\n<link rel=\"canonical\" href=\"https:\/\/trilhasdavida.com.br\/?page_id=285\" \/>\n<meta property=\"og:locale\" content=\"en_US\" \/>\n<meta property=\"og:type\" content=\"article\" \/>\n<meta property=\"og:title\" content=\"Contato - Trilhas da Vida\" \/>\n<meta property=\"og:description\" content=\"This contact form is created using Everest Forms.\" \/>\n<meta property=\"og:url\" content=\"https:\/\/trilhasdavida.com.br\/?page_id=285\" \/>\n<meta property=\"og:site_name\" content=\"Trilhas da Vida\" \/>\n<meta property=\"article:modified_time\" content=\"2023-03-30T11:37:09+00:00\" \/>\n<meta name=\"twitter:card\" content=\"summary_large_image\" \/>\n<script type=\"application\/ld+json\" class=\"yoast-schema-graph\">{\"@context\":\"https:\/\/schema.org\",\"@graph\":[{\"@type\":\"WebPage\",\"@id\":\"https:\/\/trilhasdavida.com.br\/?page_id=285\",\"url\":\"https:\/\/trilhasdavida.com.br\/?page_id=285\",\"name\":\"Contato - Trilhas da Vida\",\"isPartOf\":{\"@id\":\"https:\/\/trilhasdavida.com.br\/#website\"},\"datePublished\":\"2018-02-09T10:40:06+00:00\",\"dateModified\":\"2023-03-30T11:37:09+00:00\",\"breadcrumb\":{\"@id\":\"https:\/\/trilhasdavida.com.br\/?page_id=285#breadcrumb\"},\"inLanguage\":\"en-US\",\"potentialAction\":[{\"@type\":\"ReadAction\",\"target\":[\"https:\/\/trilhasdavida.com.br\/?page_id=285\"]}]},{\"@type\":\"BreadcrumbList\",\"@id\":\"https:\/\/trilhasdavida.com.br\/?page_id=285#breadcrumb\",\"itemListElement\":[{\"@type\":\"ListItem\",\"position\":1,\"name\":\"In\u00edcio\",\"item\":\"https:\/\/trilhasdavida.com.br\/\"},{\"@type\":\"ListItem\",\"position\":2,\"name\":\"Contato\"}]},{\"@type\":\"WebSite\",\"@id\":\"https:\/\/trilhasdavida.com.br\/#website\",\"url\":\"https:\/\/trilhasdavida.com.br\/\",\"name\":\"Trilhas da Vida\",\"description\":\"Bem-vindo ao Trilhas da Vida, um site que oferece conte\u00fado de qualidade em diferentes \u00e1reas para ajudar voc\u00ea a navegar pelas trilhas da vida com mais seguran\u00e7a e conforto. Em nosso site, voc\u00ea encontrar\u00e1 informa\u00e7\u00f5es sobre finan\u00e7as pessoais, bem-estar, tecnologia e receitas. Acreditamos que cada uma dessas \u00e1reas \u00e9 fundamental para viver uma vida plena e feliz, e por isso, buscamos trazer conte\u00fados que possam ajud\u00e1-lo a cuidar de cada aspecto de sua vida.\",\"publisher\":{\"@id\":\"https:\/\/trilhasdavida.com.br\/#organization\"},\"potentialAction\":[{\"@type\":\"SearchAction\",\"target\":{\"@type\":\"EntryPoint\",\"urlTemplate\":\"https:\/\/trilhasdavida.com.br\/?s={search_term_string}\"},\"query-input\":\"required name=search_term_string\"}],\"inLanguage\":\"en-US\"},{\"@type\":\"Organization\",\"@id\":\"https:\/\/trilhasdavida.com.br\/#organization\",\"name\":\"Trilhas da Vida\",\"url\":\"https:\/\/trilhasdavida.com.br\/\",\"logo\":{\"@type\":\"ImageObject\",\"inLanguage\":\"en-US\",\"@id\":\"https:\/\/trilhasdavida.com.br\/#\/schema\/logo\/image\/\",\"url\":\"https:\/\/trilhasdavida.com.br\/wp-content\/uploads\/2023\/03\/cropped-logo-novo-trilhas-1.png\",\"contentUrl\":\"https:\/\/trilhasdavida.com.br\/wp-content\/uploads\/2023\/03\/cropped-logo-novo-trilhas-1.png\",\"width\":265,\"height\":90,\"caption\":\"Trilhas da Vida\"},\"image\":{\"@id\":\"https:\/\/trilhasdavida.com.br\/#\/schema\/logo\/image\/\"}}]}<\/script>\n<!-- \/ Yoast SEO plugin. -->","yoast_head_json":{"title":"Contato - Trilhas da Vida","robots":{"index":"index","follow":"follow","max-snippet":"max-snippet:-1","max-image-preview":"max-image-preview:large","max-video-preview":"max-video-preview:-1"},"canonical":"https:\/\/trilhasdavida.com.br\/?page_id=285","og_locale":"en_US","og_type":"article","og_title":"Contato - Trilhas da Vida","og_description":"This contact form is created using Everest Forms.","og_url":"https:\/\/trilhasdavida.com.br\/?page_id=285","og_site_name":"Trilhas da Vida","article_modified_time":"2023-03-30T11:37:09+00:00","twitter_card":"summary_large_image","schema":{"@context":"https:\/\/schema.org","@graph":[{"@type":"WebPage","@id":"https:\/\/trilhasdavida.com.br\/?page_id=285","url":"https:\/\/trilhasdavida.com.br\/?page_id=285","name":"Contato - Trilhas da Vida","isPartOf":{"@id":"https:\/\/trilhasdavida.com.br\/#website"},"datePublished":"2018-02-09T10:40:06+00:00","dateModified":"2023-03-30T11:37:09+00:00","breadcrumb":{"@id":"https:\/\/trilhasdavida.com.br\/?page_id=285#breadcrumb"},"inLanguage":"en-US","potentialAction":[{"@type":"ReadAction","target":["https:\/\/trilhasdavida.com.br\/?page_id=285"]}]},{"@type":"BreadcrumbList","@id":"https:\/\/trilhasdavida.com.br\/?page_id=285#breadcrumb","itemListElement":[{"@type":"ListItem","position":1,"name":"In\u00edcio","item":"https:\/\/trilhasdavida.com.br\/"},{"@type":"ListItem","position":2,"name":"Contato"}]},{"@type":"WebSite","@id":"https:\/\/trilhasdavida.com.br\/#website","url":"https:\/\/trilhasdavida.com.br\/","name":"Trilhas da Vida","description":"Bem-vindo ao Trilhas da Vida, um site que oferece conte\u00fado de qualidade em diferentes \u00e1reas para ajudar voc\u00ea a navegar pelas trilhas da vida com mais seguran\u00e7a e conforto. Em nosso site, voc\u00ea encontrar\u00e1 informa\u00e7\u00f5es sobre finan\u00e7as pessoais, bem-estar, tecnologia e receitas. Acreditamos que cada uma dessas \u00e1reas \u00e9 fundamental para viver uma vida plena e feliz, e por isso, buscamos trazer conte\u00fados que possam ajud\u00e1-lo a cuidar de cada aspecto de sua vida.","publisher":{"@id":"https:\/\/trilhasdavida.com.br\/#organization"},"potentialAction":[{"@type":"SearchAction","target":{"@type":"EntryPoint","urlTemplate":"https:\/\/trilhasdavida.com.br\/?s={search_term_string}"},"query-input":"required name=search_term_string"}],"inLanguage":"en-US"},{"@type":"Organization","@id":"https:\/\/trilhasdavida.com.br\/#organization","name":"Trilhas da Vida","url":"https:\/\/trilhasdavida.com.br\/","logo":{"@type":"ImageObject","inLanguage":"en-US","@id":"https:\/\/trilhasdavida.com.br\/#\/schema\/logo\/image\/","url":"https:\/\/trilhasdavida.com.br\/wp-content\/uploads\/2023\/03\/cropped-logo-novo-trilhas-1.png","contentUrl":"https:\/\/trilhasdavida.com.br\/wp-content\/uploads\/2023\/03\/cropped-logo-novo-trilhas-1.png","width":265,"height":90,"caption":"Trilhas da Vida"},"image":{"@id":"https:\/\/trilhasdavida.com.br\/#\/schema\/logo\/image\/"}}]}},"_links":{"self":[{"href":"https:\/\/trilhasdavida.com.br\/index.php?rest_route=\/wp\/v2\/pages\/285"}],"collection":[{"href":"https:\/\/trilhasdavida.com.br\/index.php?rest_route=\/wp\/v2\/pages"}],"about":[{"href":"https:\/\/trilhasdavida.com.br\/index.php?rest_route=\/wp\/v2\/types\/page"}],"author":[{"embeddable":true,"href":"https:\/\/trilhasdavida.com.br\/index.php?rest_route=\/wp\/v2\/users\/1"}],"replies":[{"embeddable":true,"href":"https:\/\/trilhasdavida.com.br\/index.php?rest_route=%2Fwp%2Fv2%2Fcomments&post=285"}],"version-history":[{"count":2,"href":"https:\/\/trilhasdavida.com.br\/index.php?rest_route=\/wp\/v2\/pages\/285\/revisions"}],"predecessor-version":[{"id":505,"href":"https:\/\/trilhasdavida.com.br\/index.php?rest_route=\/wp\/v2\/pages\/285\/revisions\/505"}],"wp:attachment":[{"href":"https:\/\/trilhasdavida.com.br\/index.php?rest_route=%2Fwp%2Fv2%2Fmedia&parent=285"}],"curies":[{"name":"wp","href":"https:\/\/api.w.org\/{rel}","templated":true}]}}