{"id":641,"date":"2023-04-02T11:39:16","date_gmt":"2023-04-02T14:39:16","guid":{"rendered":"https:\/\/trilhasdavida.com.br\/?page_id=641"},"modified":"2023-04-02T11:39:16","modified_gmt":"2023-04-02T14:39:16","slug":"sobre-nos","status":"publish","type":"page","link":"https:\/\/trilhasdavida.com.br\/?page_id=641","title":{"rendered":"Sobre N\u00f3s"},"content":{"rendered":"<p>Bem-vindo ao Trilhas da Vida, um site que oferece conte\u00fado de qualidade em diferentes \u00e1reas para ajudar voc\u00ea a navegar pelas trilhas da vida com mais seguran\u00e7a e conforto.<\/p>\n<p>Em nosso site, voc\u00ea encontrar\u00e1 informa\u00e7\u00f5es sobre finan\u00e7as pessoais, bem-estar, tecnologia e receitas. Acreditamos que cada uma dessas \u00e1reas \u00e9 fundamental para viver uma vida plena e feliz, e por isso, buscamos trazer conte\u00fados que possam ajud\u00e1-lo a cuidar de cada aspecto de sua vida.<\/p>\n<p>No que diz respeito \u00e0s finan\u00e7as pessoais, oferecemos dicas pr\u00e1ticas e valiosas sobre como administrar seu dinheiro de forma inteligente, para que voc\u00ea possa alcan\u00e7ar seus objetivos financeiros e realizar seus sonhos. Al\u00e9m disso, trazemos informa\u00e7\u00f5es sobre investimentos, cr\u00e9dito, impostos e outros assuntos relevantes para o mundo das finan\u00e7as.<\/p>\n<p>Em nosso canal de bem-estar, voc\u00ea encontrar\u00e1 dicas e sugest\u00f5es para cuidar de sua sa\u00fade f\u00edsica e mental, melhorando sua qualidade de vida e aumentando sua felicidade. Abordamos temas como alimenta\u00e7\u00e3o saud\u00e1vel, exerc\u00edcios f\u00edsicos, medita\u00e7\u00e3o, sono e muito mais.<\/p>\n<p>Na se\u00e7\u00e3o de tecnologia, apresentamos as novidades e tend\u00eancias do mundo digital, para que voc\u00ea possa aproveitar ao m\u00e1ximo as possibilidades oferecidas pelas novas tecnologias. Falamos sobre aplicativos, softwares, dispositivos eletr\u00f4nicos e tudo o que pode facilitar sua vida e torn\u00e1-la mais conectada.<\/p>\n<p>E, finalmente, em nossa se\u00e7\u00e3o de receitas, oferecemos sugest\u00f5es deliciosas e pr\u00e1ticas para suas refei\u00e7\u00f5es do dia a dia, al\u00e9m de dicas para preparar ocasi\u00f5es especiais e surpreender seus convidados. Nossas receitas s\u00e3o escolhidas cuidadosamente, levando em conta a qualidade dos ingredientes e a facilidade de preparo.<\/p>\n<p>Esperamos que voc\u00ea aproveite o conte\u00fado oferecido em nosso site e que as informa\u00e7\u00f5es aqui encontradas possam ajud\u00e1-lo a trilhar sua vida com mais seguran\u00e7a, conforto e felicidade. Fique \u00e0 vontade para explorar todas as se\u00e7\u00f5es e n\u00e3o deixe de nos acompanhar em nossas redes sociais. Estamos sempre atualizando nosso conte\u00fado e buscando trazer o melhor para voc\u00ea.<\/p>\n","protected":false},"excerpt":{"rendered":"<p>Bem-vindo ao Trilhas da Vida, um site que oferece conte\u00fado de qualidade em diferentes \u00e1reas para ajudar voc\u00ea a navegar<\/p>\n","protected":false},"author":1,"featured_media":0,"parent":0,"menu_order":0,"comment_status":"closed","ping_status":"closed","template":"","meta":{"colormag_page_container_layout":"default_layout","colormag_page_sidebar_layout":"default_layout"},"yoast_head":"<!-- This site is optimized with the Yoast SEO plugin v20.5 - https:\/\/yoast.com\/wordpress\/plugins\/seo\/ -->\n<title>Sobre N\u00f3s - Trilhas da Vida<\/title>\n<meta name=\"robots\" content=\"index, follow, max-snippet:-1, max-image-preview:large, max-video-preview:-1\" \/>\n<link rel=\"canonical\" href=\"https:\/\/trilhasdavida.com.br\/?page_id=641\" \/>\n<meta property=\"og:locale\" content=\"en_US\" \/>\n<meta property=\"og:type\" content=\"article\" \/>\n<meta property=\"og:title\" content=\"Sobre N\u00f3s - Trilhas da Vida\" \/>\n<meta property=\"og:description\" content=\"Bem-vindo ao Trilhas da Vida, um site que oferece conte\u00fado de qualidade em diferentes \u00e1reas para ajudar voc\u00ea a navegar\" \/>\n<meta property=\"og:url\" content=\"https:\/\/trilhasdavida.com.br\/?page_id=641\" \/>\n<meta property=\"og:site_name\" content=\"Trilhas da Vida\" \/>\n<meta name=\"twitter:card\" content=\"summary_large_image\" \/>\n<meta name=\"twitter:label1\" content=\"Est. reading time\" \/>\n\t<meta name=\"twitter:data1\" content=\"2 minutes\" \/>\n<script type=\"application\/ld+json\" class=\"yoast-schema-graph\">{\"@context\":\"https:\/\/schema.org\",\"@graph\":[{\"@type\":\"WebPage\",\"@id\":\"https:\/\/trilhasdavida.com.br\/?page_id=641\",\"url\":\"https:\/\/trilhasdavida.com.br\/?page_id=641\",\"name\":\"Sobre N\u00f3s - Trilhas da Vida\",\"isPartOf\":{\"@id\":\"https:\/\/trilhasdavida.com.br\/#website\"},\"datePublished\":\"2023-04-02T14:39:16+00:00\",\"dateModified\":\"2023-04-02T14:39:16+00:00\",\"breadcrumb\":{\"@id\":\"https:\/\/trilhasdavida.com.br\/?page_id=641#breadcrumb\"},\"inLanguage\":\"en-US\",\"potentialAction\":[{\"@type\":\"ReadAction\",\"target\":[\"https:\/\/trilhasdavida.com.br\/?page_id=641\"]}]},{\"@type\":\"BreadcrumbList\",\"@id\":\"https:\/\/trilhasdavida.com.br\/?page_id=641#breadcrumb\",\"itemListElement\":[{\"@type\":\"ListItem\",\"position\":1,\"name\":\"In\u00edcio\",\"item\":\"https:\/\/trilhasdavida.com.br\/\"},{\"@type\":\"ListItem\",\"position\":2,\"name\":\"Sobre N\u00f3s\"}]},{\"@type\":\"WebSite\",\"@id\":\"https:\/\/trilhasdavida.com.br\/#website\",\"url\":\"https:\/\/trilhasdavida.com.br\/\",\"name\":\"Trilhas da Vida\",\"description\":\"Bem-vindo ao Trilhas da Vida, um site que oferece conte\u00fado de qualidade em diferentes \u00e1reas para ajudar voc\u00ea a navegar pelas trilhas da vida com mais seguran\u00e7a e conforto. Em nosso site, voc\u00ea encontrar\u00e1 informa\u00e7\u00f5es sobre finan\u00e7as pessoais, bem-estar, tecnologia e receitas. Acreditamos que cada uma dessas \u00e1reas \u00e9 fundamental para viver uma vida plena e feliz, e por isso, buscamos trazer conte\u00fados que possam ajud\u00e1-lo a cuidar de cada aspecto de sua vida.\",\"publisher\":{\"@id\":\"https:\/\/trilhasdavida.com.br\/#organization\"},\"potentialAction\":[{\"@type\":\"SearchAction\",\"target\":{\"@type\":\"EntryPoint\",\"urlTemplate\":\"https:\/\/trilhasdavida.com.br\/?s={search_term_string}\"},\"query-input\":\"required name=search_term_string\"}],\"inLanguage\":\"en-US\"},{\"@type\":\"Organization\",\"@id\":\"https:\/\/trilhasdavida.com.br\/#organization\",\"name\":\"Trilhas da Vida\",\"url\":\"https:\/\/trilhasdavida.com.br\/\",\"logo\":{\"@type\":\"ImageObject\",\"inLanguage\":\"en-US\",\"@id\":\"https:\/\/trilhasdavida.com.br\/#\/schema\/logo\/image\/\",\"url\":\"https:\/\/trilhasdavida.com.br\/wp-content\/uploads\/2023\/03\/cropped-logo-novo-trilhas-1.png\",\"contentUrl\":\"https:\/\/trilhasdavida.com.br\/wp-content\/uploads\/2023\/03\/cropped-logo-novo-trilhas-1.png\",\"width\":265,\"height\":90,\"caption\":\"Trilhas da Vida\"},\"image\":{\"@id\":\"https:\/\/trilhasdavida.com.br\/#\/schema\/logo\/image\/\"}}]}<\/script>\n<!-- \/ Yoast SEO plugin. -->","yoast_head_json":{"title":"Sobre N\u00f3s - Trilhas da Vida","robots":{"index":"index","follow":"follow","max-snippet":"max-snippet:-1","max-image-preview":"max-image-preview:large","max-video-preview":"max-video-preview:-1"},"canonical":"https:\/\/trilhasdavida.com.br\/?page_id=641","og_locale":"en_US","og_type":"article","og_title":"Sobre N\u00f3s - Trilhas da Vida","og_description":"Bem-vindo ao Trilhas da Vida, um site que oferece conte\u00fado de qualidade em diferentes \u00e1reas para ajudar voc\u00ea a navegar","og_url":"https:\/\/trilhasdavida.com.br\/?page_id=641","og_site_name":"Trilhas da Vida","twitter_card":"summary_large_image","twitter_misc":{"Est. reading time":"2 minutes"},"schema":{"@context":"https:\/\/schema.org","@graph":[{"@type":"WebPage","@id":"https:\/\/trilhasdavida.com.br\/?page_id=641","url":"https:\/\/trilhasdavida.com.br\/?page_id=641","name":"Sobre N\u00f3s - Trilhas da Vida","isPartOf":{"@id":"https:\/\/trilhasdavida.com.br\/#website"},"datePublished":"2023-04-02T14:39:16+00:00","dateModified":"2023-04-02T14:39:16+00:00","breadcrumb":{"@id":"https:\/\/trilhasdavida.com.br\/?page_id=641#breadcrumb"},"inLanguage":"en-US","potentialAction":[{"@type":"ReadAction","target":["https:\/\/trilhasdavida.com.br\/?page_id=641"]}]},{"@type":"BreadcrumbList","@id":"https:\/\/trilhasdavida.com.br\/?page_id=641#breadcrumb","itemListElement":[{"@type":"ListItem","position":1,"name":"In\u00edcio","item":"https:\/\/trilhasdavida.com.br\/"},{"@type":"ListItem","position":2,"name":"Sobre N\u00f3s"}]},{"@type":"WebSite","@id":"https:\/\/trilhasdavida.com.br\/#website","url":"https:\/\/trilhasdavida.com.br\/","name":"Trilhas da Vida","description":"Bem-vindo ao Trilhas da Vida, um site que oferece conte\u00fado de qualidade em diferentes \u00e1reas para ajudar voc\u00ea a navegar pelas trilhas da vida com mais seguran\u00e7a e conforto. Em nosso site, voc\u00ea encontrar\u00e1 informa\u00e7\u00f5es sobre finan\u00e7as pessoais, bem-estar, tecnologia e receitas. Acreditamos que cada uma dessas \u00e1reas \u00e9 fundamental para viver uma vida plena e feliz, e por isso, buscamos trazer conte\u00fados que possam ajud\u00e1-lo a cuidar de cada aspecto de sua vida.","publisher":{"@id":"https:\/\/trilhasdavida.com.br\/#organization"},"potentialAction":[{"@type":"SearchAction","target":{"@type":"EntryPoint","urlTemplate":"https:\/\/trilhasdavida.com.br\/?s={search_term_string}"},"query-input":"required name=search_term_string"}],"inLanguage":"en-US"},{"@type":"Organization","@id":"https:\/\/trilhasdavida.com.br\/#organization","name":"Trilhas da Vida","url":"https:\/\/trilhasdavida.com.br\/","logo":{"@type":"ImageObject","inLanguage":"en-US","@id":"https:\/\/trilhasdavida.com.br\/#\/schema\/logo\/image\/","url":"https:\/\/trilhasdavida.com.br\/wp-content\/uploads\/2023\/03\/cropped-logo-novo-trilhas-1.png","contentUrl":"https:\/\/trilhasdavida.com.br\/wp-content\/uploads\/2023\/03\/cropped-logo-novo-trilhas-1.png","width":265,"height":90,"caption":"Trilhas da Vida"},"image":{"@id":"https:\/\/trilhasdavida.com.br\/#\/schema\/logo\/image\/"}}]}},"_links":{"self":[{"href":"https:\/\/trilhasdavida.com.br\/index.php?rest_route=\/wp\/v2\/pages\/641"}],"collection":[{"href":"https:\/\/trilhasdavida.com.br\/index.php?rest_route=\/wp\/v2\/pages"}],"about":[{"href":"https:\/\/trilhasdavida.com.br\/index.php?rest_route=\/wp\/v2\/types\/page"}],"author":[{"embeddable":true,"href":"https:\/\/trilhasdavida.com.br\/index.php?rest_route=\/wp\/v2\/users\/1"}],"replies":[{"embeddable":true,"href":"https:\/\/trilhasdavida.com.br\/index.php?rest_route=%2Fwp%2Fv2%2Fcomments&post=641"}],"version-history":[{"count":1,"href":"https:\/\/trilhasdavida.com.br\/index.php?rest_route=\/wp\/v2\/pages\/641\/revisions"}],"predecessor-version":[{"id":642,"href":"https:\/\/trilhasdavida.com.br\/index.php?rest_route=\/wp\/v2\/pages\/641\/revisions\/642"}],"wp:attachment":[{"href":"https:\/\/trilhasdavida.com.br\/index.php?rest_route=%2Fwp%2Fv2%2Fmedia&parent=641"}],"curies":[{"name":"wp","href":"https:\/\/api.w.org\/{rel}","templated":true}]}}